{"id":5706,"date":"2025-10-27T18:10:59","date_gmt":"2025-10-27T21:10:59","guid":{"rendered":"https:\/\/testing.dges-cba.hosting-ar.com\/wpv1_2025\/?page_id=5706"},"modified":"2025-11-18T09:57:11","modified_gmt":"2025-11-18T12:57:11","slug":"horas-catedras","status":"publish","type":"page","link":"https:\/\/dges-cba.edu.ar\/wp\/horas-catedras\/","title":{"rendered":"Horas C\u00e1tedras"},"content":{"rendered":"\t\t<div data-elementor-type=\"wp-page\" data-elementor-id=\"5706\" class=\"elementor elementor-5706\">\n\t\t\t\t<div class=\"elementor-element elementor-element-1eb0a3f e-con-full e-flex e-con e-child\" data-id=\"1eb0a3f\" data-element_type=\"container\">\n\t\t\t\t<div class=\"elementor-element elementor-element-7d1bf2d elementor-widget__width-inherit elementor-widget elementor-widget-heading\" data-id=\"7d1bf2d\" data-element_type=\"widget\" data-widget_type=\"heading.default\">\n\t\t\t\t\t<h1 class=\"elementor-heading-title elementor-size-default\">CONVOCATORIA HORAS C\u00c1TEDRA<\/h1>\t\t\t\t<\/div>\n\t\t\t\t<\/div>\n\t\t<div class=\"elementor-element elementor-element-13cacb9 e-con-full e-flex e-con e-parent\" data-id=\"13cacb9\" data-element_type=\"container\">\n\t\t<div class=\"elementor-element elementor-element-86eaf3d e-grid e-con-boxed e-con e-child\" data-id=\"86eaf3d\" data-element_type=\"container\">\n\t\t\t\t\t<div class=\"e-con-inner\">\n\t\t<article class=\"elementor-element elementor-element-d5d39a8 e-con-full info-contacto-contable e-flex e-con e-child\" data-id=\"d5d39a8\" data-element_type=\"container\">\n\t\t\t\t<div class=\"elementor-element elementor-element-2722a8e elementor-widget__width-inherit elementor-widget elementor-widget-text-editor\" data-id=\"2722a8e\" data-element_type=\"widget\" data-widget_type=\"text-editor.default\">\n\t\t\t\t\t\t\t\t\t<h4 style=\"color: #004582; font-size: 20px; font-weight: 600; margin-top: 0px; margin-bottom: 15px; text-align: center;\">Informaci\u00f3n General<\/h4>\n<p style=\"font-size: 15px; line-height: 1.6; color: #333; margin: 0 0 8px 0;\"><strong> <i class=\"fas fa-user\" style=\"color: #004582; margin-right: 6px; vertical-align: middle; position: relative; bottom: 3px;\"><\/i> Referente: <\/strong>Lorem ipsum<\/p>\n<p style=\"font-size: 15px; line-height: 1.6; color: #333; margin: 0 0 8px 0;\"><strong><i class=\"fas fa-envelope\" style=\"color: #004582; margin-right: 6px; vertical-align: middle; position: relative; bottom: 3px;\"><\/i>Correo electr\u00f3nico: <\/strong><a style=\"color: #004582; text-decoration: none;\" href=\"mailto:Lorem-ipsum@dges-cba.edu.ar\" target=\"_blank\" rel=\"noopener\">Lorem-ipsum@dges-cba.edu.ar<\/a><\/p>\t\t\t\t\t\t\t\t<\/div>\n\t\t\t\t<\/article>\n\t\t<article class=\"elementor-element elementor-element-d755184 e-con-full e-flex e-con e-child\" data-id=\"d755184\" data-element_type=\"container\">\n\t\t\t\t<div class=\"elementor-element elementor-element-2c903bb elementor-widget__width-inherit elementor-widget-mobile__width-initial elementor-widget elementor-widget-text-editor\" data-id=\"2c903bb\" data-element_type=\"widget\" data-widget_type=\"text-editor.default\">\n\t\t\t\t\t\t\t\t\t<h3 style=\"color: #004582; font-size: 24px; font-weight: bold; margin-bottom: 20px; text-align: center;\">Cobertura de horas c\u00e1tedra\n\n<\/h3>\t\t\t\t\t\t\t\t<\/div>\n\t\t\t\t<div class=\"elementor-element elementor-element-0fedffe elementor-widget-divider--view-line elementor-widget elementor-widget-divider\" data-id=\"0fedffe\" data-element_type=\"widget\" data-widget_type=\"divider.default\">\n\t\t\t\t\t\t\t<div class=\"elementor-divider\">\n\t\t\t<span class=\"elementor-divider-separator\">\n\t\t\t\t\t\t<\/span>\n\t\t<\/div>\n\t\t\t\t\t\t<\/div>\n\t\t\t\t<div class=\"elementor-element elementor-element-c9b483d elementor-widget__width-initial elementor-widget-mobile__width-initial elementor-widget elementor-widget-text-editor\" data-id=\"c9b483d\" data-element_type=\"widget\" data-widget_type=\"text-editor.default\">\n\t\t\t\t\t\t\t\t\t<div style=\"padding: 15px 20px; font-size: 15px; line-height: 1.6; color: #333; margin-bottom: 20px; border-radius: 12px;\"><p style=\"margin: 0 0 10px 0;\">La cobertura de horas c\u00e1tedra en educaci\u00f3n superior a partir del 2015 se realizar\u00e1 exclusivamente a trav\u00e9s de convocatorias espec\u00edficas cada vez que se produzca una vacante. Esto implica que no se realizar\u00e1n convocatorias anuales generales, como en a\u00f1os anteriores.<\/p><p style=\"margin: 0 0 10px 0;\">Los procedimientos, formularios, modelo de CV nominativo y requisitos de inscripci\u00f3n, como tambi\u00e9n los criterios de valoraci\u00f3n de las postulaciones se encuentran en:<\/p><ul style=\"margin: 0; padding: 10px 20px; list-style-type: disc; list-style-position: inside; color: #000; border-left: 4px solid #004582; border-radius: 6px;\"><li><a style=\"color: #004582; text-decoration: none; font-weight: 600;\" href=\"https:\/\/dges-cba.infd.edu.ar\/sitio\/wp-content\/uploads\/2022\/03\/Res_Min_197-21.pdf\">Resoluci\u00f3n Ministerial 197-2022<\/a><\/li><li><a style=\"color: #004582; text-decoration: none; font-weight: 600;\" href=\"https:\/\/dges-cba.edu.ar\/wp\/wp-content\/uploads\/2022\/03\/Orientaciones_y_criterios_para-proyecto_RM_197-22.pdf\">Orientaciones y criterios para valoraci\u00f3n del proyecto de abordaje del espacio curricular<\/a><\/li><\/ul><\/div>\t\t\t\t\t\t\t\t<\/div>\n\t\t\t\t<\/article>\n\t\t<div class=\"elementor-element elementor-element-4718866 e-grid e-con-full e-con e-child\" data-id=\"4718866\" data-element_type=\"container\">\n\t\t\t\t<div class=\"elementor-element elementor-element-c6d4de1 elementor-align-justify elementor-widget__width-inherit elementor-widget elementor-widget-button\" data-id=\"c6d4de1\" data-element_type=\"widget\" data-widget_type=\"button.default\">\n\t\t\t\t\t\t\t\t\t\t<a class=\"elementor-button elementor-button-link elementor-size-sm elementor-animation-float\" href=\"https:\/\/dges-cba.edu.ar\/wp\/sistema-de-gestion-de-convocatorias\">\n\t\t\t\t\t\t<span class=\"elementor-button-content-wrapper\">\n\t\t\t\t\t\t\t\t\t<span class=\"elementor-button-text\">Sistema de Gesti\u00f3n de Convocatorias<\/span>\n\t\t\t\t\t<\/span>\n\t\t\t\t\t<\/a>\n\t\t\t\t\t\t\t\t<\/div>\n\t\t\t\t<\/div>\n\t\t<div class=\"elementor-element elementor-element-eb9b305 e-con-full e-flex e-con e-child\" data-id=\"eb9b305\" data-element_type=\"container\" data-settings=\"{&quot;background_background&quot;:&quot;classic&quot;}\">\n\t\t\t\t<div class=\"elementor-element elementor-element-a9ec73f elementor-widget__width-inherit elementor-widget elementor-widget-eael-adv-tabs\" data-id=\"a9ec73f\" data-element_type=\"widget\" data-widget_type=\"eael-adv-tabs.default\">\n\t\t\t\t\t        <div data-scroll-on-click=\"no\" data-scroll-speed=\"300\" id=\"eael-advance-tabs-a9ec73f\" class=\"eael-advance-tabs eael-tabs-horizontal eael-tab-auto-active eael-tab-toggle\" data-tabid=\"a9ec73f\">\n            <div class=\"eael-tabs-nav \">\n                <ul class=\"eael-tab-inline-icon\" role=\"tablist\">\n                                            <li id=\"concursos-abiertos-a-horas-ctedra-acceso-a-aspirantes\" class=\"inactive eael-tab-item-trigger eael-tab-nav-item\" aria-selected=\"true\" data-tab=\"1\" role=\"tab\" tabindex=\"0\" aria-controls=\"concursos-abiertos-a-horas-ctedra-acceso-a-aspirantes-tab\" aria-expanded=\"false\">\n                            \n                                                        \n                                                            <span class=\"eael-tab-title title-after-icon\" >Concursos Abiertos a Horas C\u00e1tedra \u2013 Acceso a Aspirantes<\/span>                            \n                                                    <\/li>\n                    \n                                  <\/ul>\n            <\/div>\n            \n            <div class=\"eael-tabs-content\">\n\t\t        \n                    <div id=\"concursos-abiertos-a-horas-ctedra-acceso-a-aspirantes-tab\" class=\"clearfix eael-tab-content-item inactive\" data-title-link=\"concursos-abiertos-a-horas-ctedra-acceso-a-aspirantes-tab\">\n\t\t\t\t        <div class=\"row enigma_blog_wrapper\">\n<div class=\"col-md-12\">\n<div class=\"enigma_blog_full\">\n<div class=\"enigma_blog_post_content\"><!-- Observaci\u00f3n Importante -->\n<p style=\"text-align: justify; border: 2px solid #FF7878; background-color: #f2f5f7; color: black; border-radius: 5px; padding: 10px;\"><span style=\"font-family: arial, helvetica, sans-serif; font-size: 10pt;\"> <span style=\"text-decoration: underline;\"><strong>Observaci\u00f3n Importante<\/strong><\/span>: Tener en cuenta, al momento de la inscripci\u00f3n online, que el C.V debe confeccionarse siguiendo el modelo publicado en esta p\u00e1gina en forma clara, prolija y ordenadamente. Adem\u00e1s, al adjuntar el CV con la documentaci\u00f3n escaneada o fotos, estas deben ser claras y legibles, a fin de que puedan ser valoradas. <\/span><\/p>\n<!-- Nota Importante -->\n<div style=\"background-color: #f2f5f7; padding: 15px 20px; border-left: 4px solid #004582; border-radius: 8px; margin-bottom: 20px;\">\n<p style=\"margin-top: 0; font-family: arial, helvetica, sans-serif; font-size: 10pt; color: black; text-align: justify;\"><strong>Nota Importante:<\/strong> Los procedimientos, formularios, modelo de CV nominativo, requisitos de inscripci\u00f3n, como tambi\u00e9n los criterios de valoraci\u00f3n de las postulaciones se encuentran en los siguientes documentos:<\/p>\n<ul style=\"margin: 0; padding-left: 20px; font-family: arial, helvetica, sans-serif; font-size: 10pt; color: black;\">\n<li><strong>Decreto 146-2022:<\/strong> <a href=\"https:\/\/dges-cba.edu.ar\/wp\/wp-content\/uploads\/2023\/08\/Decreto_146-2022.pdf\" target=\"_blank\" rel=\"noopener noreferrer\">Clic Aqu\u00ed<\/a><\/li>\n<li><strong>Resoluci\u00f3n Ministerial 1495-2022:<\/strong> <a href=\"https:\/\/dges-cba.edu.ar\/wp\/wp-content\/uploads\/2023\/09\/Resol_1495-2022.pdf\" target=\"_blank\" rel=\"noopener noreferrer\">Clic Aqu\u00ed<\/a><\/li>\n<li><strong>Anexo de la Resoluci\u00f3n 1495-2022:<\/strong> <a href=\"https:\/\/dges-cba.edu.ar\/wp\/wp-content\/uploads\/2023\/02\/Resolucion_1495-2022_Anexo.pdf\" target=\"_blank\" rel=\"noopener noreferrer\">Clic Aqu\u00ed<\/a><\/li>\n<li><strong>Modelo y Ejemplo de Documento con DNI:<\/strong> <a href=\"https:\/\/dges-cba.edu.ar\/wp\/wp-content\/uploads\/2023\/08\/EjemploDNI_ConcursosHsCat.pdf\" target=\"_blank\" rel=\"noopener noreferrer\">Clic Aqu\u00ed<\/a><\/li>\n<li><strong>Modelo de CV:<\/strong> <a href=\"https:\/\/dges-cba.edu.ar\/wp\/wp-content\/uploads\/2023\/09\/FormatoCV_Concursos_HsCat.doc\" target=\"_blank\" rel=\"noopener noreferrer\">Clic Aqu\u00ed<\/a><\/li>\n<li><strong>Ejemplo de CV:<\/strong> <a href=\"https:\/\/dges-cba.edu.ar\/wp\/wp-content\/uploads\/2023\/09\/EjemploCV_Concursos_HsCat.pdf\" target=\"_blank\" rel=\"noopener noreferrer\">Clic Aqu\u00ed<\/a><\/li>\n<\/ul>\n<\/div>\n<!-- Enlaces -->\n<ul>\n<li><span style=\"font-family: arial, helvetica, sans-serif; font-size: 10pt;\"> <strong> <a href=\"https:\/\/dges-cba.edu.ar\/wp\/index.php\/concursos-a-horas-catedra-listado-de-concursos-vigentes\/\"> Concursos Abiertos Vigentes \u2013 <span style=\"font-size: 12pt;\">Inscripci\u00f3n<\/span> <\/a> <\/strong> <\/span><\/li>\n<li><span style=\"font-family: arial, helvetica, sans-serif; font-size: 10pt;\"> <strong> <a href=\"https:\/\/dges-cba.edu.ar\/wp\/index.php\/concursos-a-horas-catedra-listado-de-orden-de-merito\/\"> Listado de Orden de M\u00e9rito <\/a> <\/strong> <\/span><\/li>\n<\/ul>\n<!-- Video -->\n<div style=\"position: relative; padding-bottom: 56.25%; height: 0; overflow: hidden; border-radius: 12px; margin-bottom: 25px;\"><iframe style=\"position: absolute; top: 0; left: 0; width: 100%; height: 100%; border: none; border-radius: 12px;\" title=\"Concursos Abiertos DGES\" src=\"https:\/\/www.youtube.com\/embed\/bnHNEhInlE0\" allowfullscreen=\"allowfullscreen\"><\/iframe><\/div>\n<!-- Instructivo -->\n<p style=\"text-align: left;\"><b>Instructivo para carga Propuesta Escrita:<\/b> <a href=\"https:\/\/dges-cba.edu.ar\/wp\/wp-content\/uploads\/2023\/10\/Instructivo-Carga-Produccion-Escrita_Cerrados.pdf\" target=\"_blank\" rel=\"noopener\">Clic Aqu\u00ed<\/a><\/p>\n<!-- Contacto -->\n<p style=\"text-align: justify;\"><span style=\"font-family: arial, helvetica, sans-serif; font-size: 10pt;\"> Ante cualquier consulta, duda o sugerencia puede contactarnos a: <\/span><\/p>\n<ul>\n<li style=\"text-align: justify;\"><span style=\"font-family: arial, helvetica, sans-serif; font-size: 10pt;\"> <strong>\u00c1rea de Concurso D.G.E.S.:<\/strong> convocatoriasyconcursos@dges-cba.edu.ar <\/span><\/li>\n<li style=\"text-align: justify;\"><span style=\"font-family: arial, helvetica, sans-serif; font-size: 10pt;\"> <strong>D.G.E.S.:<\/strong> virtualdges@gmail.com <\/span><\/li>\n<\/ul>\n<\/div>\n<\/div>\n<div class=\"push-right\"><hr class=\"blog-sep header-sep\" \/><\/div>\n<\/div>\n<\/div>                    <\/div>\n\t\t                    <\/div>\n        <\/div>\n\t\t\t\t<\/div>\n\t\t\t\t<\/div>\n\t\t\t\t\t<\/div>\n\t\t\t\t<\/div>\n\t\t\t\t<\/div>\n\t\t\t\t<\/div>\n\t\t","protected":false},"excerpt":{"rendered":"<p>CONVOCATORIA HORAS C\u00c1TEDRA Informaci\u00f3n General Referente: Lorem ipsum Correo electr\u00f3nico: Lorem-ipsum@dges-cba.edu.ar Cobertura de horas c\u00e1tedra La cobertura de horas c\u00e1tedra [&hellip;]<\/p>\n","protected":false},"author":2,"featured_media":0,"parent":0,"menu_order":0,"comment_status":"closed","ping_status":"closed","template":"","meta":{"_uag_custom_page_level_css":"","site-sidebar-layout":"no-sidebar","site-content-layout":"","ast-site-content-layout":"full-width-container","site-content-style":"default","site-sidebar-style":"default","ast-global-header-display":"","ast-banner-title-visibility":"","ast-main-header-display":"","ast-hfb-above-header-display":"","ast-hfb-below-header-display":"","ast-hfb-mobile-header-display":"","site-post-title":"disabled","ast-breadcrumbs-content":"","ast-featured-img":"disabled","footer-sml-layout":"","theme-transparent-header-meta":"","adv-header-id-meta":"","stick-header-meta":"","header-above-stick-meta":"","header-main-stick-meta":"","header-below-stick-meta":"","astra-migrate-meta-layouts":"default","ast-page-background-enabled":"default","ast-page-background-meta":{"desktop":{"background-color":"var(--ast-global-color-5)","background-image":"","background-repeat":"repeat","background-position":"center center","background-size":"auto","background-attachment":"scroll","background-type":"","background-media":"","overlay-type":"","overlay-color":"","overlay-opacity":"","overlay-gradient":""},"tablet":{"background-color":"","background-image":"","background-repeat":"repeat","background-position":"center center","background-size":"auto","background-attachment":"scroll","background-type":"","background-media":"","overlay-type":"","overlay-color":"","overlay-opacity":"","overlay-gradient":""},"mobile":{"background-color":"","background-image":"","background-repeat":"repeat","background-position":"center center","background-size":"auto","background-attachment":"scroll","background-type":"","background-media":"","overlay-type":"","overlay-color":"","overlay-opacity":"","overlay-gradient":""}},"ast-content-background-meta":{"desktop":{"background-color":"var(--ast-global-color-4)","background-image":"","background-repeat":"repeat","background-position":"center center","background-size":"auto","background-attachment":"scroll","background-type":"","background-media":"","overlay-type":"","overlay-color":"","overlay-opacity":"","overlay-gradient":""},"tablet":{"background-color":"var(--ast-global-color-4)","background-image":"","background-repeat":"repeat","background-position":"center center","background-size":"auto","background-attachment":"scroll","background-type":"","background-media":"","overlay-type":"","overlay-color":"","overlay-opacity":"","overlay-gradient":""},"mobile":{"background-color":"var(--ast-global-color-4)","background-image":"","background-repeat":"repeat","background-position":"center center","background-size":"auto","background-attachment":"scroll","background-type":"","background-media":"","overlay-type":"","overlay-color":"","overlay-opacity":"","overlay-gradient":""}},"footnotes":""},"class_list":["post-5706","page","type-page","status-publish","hentry"],"yoast_head":"<!-- This site is optimized with the Yoast SEO plugin v26.4 - https:\/\/yoast.com\/wordpress\/plugins\/seo\/ -->\n<title>Horas C\u00e1tedras \u2013 Direcci\u00f3n General de Educaci\u00f3n Superior<\/title>\n<meta name=\"description\" content=\"Informaci\u00f3n oficial Direcci\u00f3n General de Educaci\u00f3n Superior. Consult\u00e1 requisitos, documentos, tr\u00e1mites y novedades actualizadas.\" \/>\n<meta name=\"robots\" content=\"index, follow, max-snippet:-1, max-image-preview:large, max-video-preview:-1\" \/>\n<link rel=\"canonical\" href=\"https:\/\/dges-cba.edu.ar\/wp\/horas-catedras\/\" \/>\n<meta property=\"og:locale\" content=\"es_ES\" \/>\n<meta property=\"og:type\" content=\"article\" \/>\n<meta property=\"og:title\" content=\"Horas C\u00e1tedras \u2013 Direcci\u00f3n General de Educaci\u00f3n Superior\" \/>\n<meta property=\"og:description\" content=\"Informaci\u00f3n oficial Direcci\u00f3n General de Educaci\u00f3n Superior. Consult\u00e1 requisitos, documentos, tr\u00e1mites y novedades actualizadas.\" \/>\n<meta property=\"og:url\" content=\"https:\/\/dges-cba.edu.ar\/wp\/horas-catedras\/\" \/>\n<meta property=\"article:publisher\" content=\"https:\/\/www.facebook.com\/EducacionSuperiorCba\" \/>\n<meta property=\"article:modified_time\" content=\"2025-11-18T12:57:11+00:00\" \/>\n<meta name=\"twitter:card\" content=\"summary_large_image\" \/>\n<meta name=\"twitter:label1\" content=\"Tiempo de lectura\" \/>\n\t<meta name=\"twitter:data1\" content=\"2 minutos\" \/>\n<script type=\"application\/ld+json\" class=\"yoast-schema-graph\">{\"@context\":\"https:\/\/schema.org\",\"@graph\":[{\"@type\":\"WebPage\",\"@id\":\"https:\/\/dges-cba.edu.ar\/wp\/horas-catedras\/\",\"url\":\"https:\/\/dges-cba.edu.ar\/wp\/horas-catedras\/\",\"name\":\"Horas C\u00e1tedras \u2013 Direcci\u00f3n General de Educaci\u00f3n Superior\",\"isPartOf\":{\"@id\":\"https:\/\/dges-cba.edu.ar\/wp\/#website\"},\"datePublished\":\"2025-10-27T21:10:59+00:00\",\"dateModified\":\"2025-11-18T12:57:11+00:00\",\"description\":\"Informaci\u00f3n oficial Direcci\u00f3n General de Educaci\u00f3n Superior. Consult\u00e1 requisitos, documentos, tr\u00e1mites y novedades actualizadas.\",\"breadcrumb\":{\"@id\":\"https:\/\/dges-cba.edu.ar\/wp\/horas-catedras\/#breadcrumb\"},\"inLanguage\":\"es-AR\",\"potentialAction\":[{\"@type\":\"ReadAction\",\"target\":[\"https:\/\/dges-cba.edu.ar\/wp\/horas-catedras\/\"]}]},{\"@type\":\"BreadcrumbList\",\"@id\":\"https:\/\/dges-cba.edu.ar\/wp\/horas-catedras\/#breadcrumb\",\"itemListElement\":[{\"@type\":\"ListItem\",\"position\":1,\"name\":\"Inicio\",\"item\":\"https:\/\/dges-cba.edu.ar\/wp\/\"},{\"@type\":\"ListItem\",\"position\":2,\"name\":\"Horas C\u00e1tedras\"}]},{\"@type\":\"WebSite\",\"@id\":\"https:\/\/dges-cba.edu.ar\/wp\/#website\",\"url\":\"https:\/\/dges-cba.edu.ar\/wp\/\",\"name\":\"Direcci\u00f3n General de Educaci\u00f3n Superior\",\"description\":\"\",\"publisher\":{\"@id\":\"https:\/\/dges-cba.edu.ar\/wp\/#organization\"},\"potentialAction\":[{\"@type\":\"SearchAction\",\"target\":{\"@type\":\"EntryPoint\",\"urlTemplate\":\"https:\/\/dges-cba.edu.ar\/wp\/?s={search_term_string}\"},\"query-input\":{\"@type\":\"PropertyValueSpecification\",\"valueRequired\":true,\"valueName\":\"search_term_string\"}}],\"inLanguage\":\"es-AR\"},{\"@type\":\"Organization\",\"@id\":\"https:\/\/dges-cba.edu.ar\/wp\/#organization\",\"name\":\"Direcci\u00f3n General de Educaci\u00f3n Superior\",\"url\":\"https:\/\/dges-cba.edu.ar\/wp\/\",\"logo\":{\"@type\":\"ImageObject\",\"inLanguage\":\"es-AR\",\"@id\":\"https:\/\/dges-cba.edu.ar\/wp\/#\/schema\/logo\/image\/\",\"url\":\"https:\/\/dges-cba.edu.ar\/wp\/wp-content\/uploads\/2026\/02\/LogoNegativo_DGES_2026.png\",\"contentUrl\":\"https:\/\/dges-cba.edu.ar\/wp\/wp-content\/uploads\/2026\/02\/LogoNegativo_DGES_2026.png\",\"width\":300,\"height\":53,\"caption\":\"Direcci\u00f3n General de Educaci\u00f3n Superior\"},\"image\":{\"@id\":\"https:\/\/dges-cba.edu.ar\/wp\/#\/schema\/logo\/image\/\"},\"sameAs\":[\"https:\/\/www.facebook.com\/EducacionSuperiorCba\"]}]}<\/script>\n<!-- \/ Yoast SEO plugin. -->","yoast_head_json":{"title":"Horas C\u00e1tedras \u2013 Direcci\u00f3n General de Educaci\u00f3n Superior","description":"Informaci\u00f3n oficial Direcci\u00f3n General de Educaci\u00f3n Superior. Consult\u00e1 requisitos, documentos, tr\u00e1mites y novedades actualizadas.","robots":{"index":"index","follow":"follow","max-snippet":"max-snippet:-1","max-image-preview":"max-image-preview:large","max-video-preview":"max-video-preview:-1"},"canonical":"https:\/\/dges-cba.edu.ar\/wp\/horas-catedras\/","og_locale":"es_ES","og_type":"article","og_title":"Horas C\u00e1tedras \u2013 Direcci\u00f3n General de Educaci\u00f3n Superior","og_description":"Informaci\u00f3n oficial Direcci\u00f3n General de Educaci\u00f3n Superior. Consult\u00e1 requisitos, documentos, tr\u00e1mites y novedades actualizadas.","og_url":"https:\/\/dges-cba.edu.ar\/wp\/horas-catedras\/","article_publisher":"https:\/\/www.facebook.com\/EducacionSuperiorCba","article_modified_time":"2025-11-18T12:57:11+00:00","twitter_card":"summary_large_image","twitter_misc":{"Tiempo de lectura":"2 minutos"},"schema":{"@context":"https:\/\/schema.org","@graph":[{"@type":"WebPage","@id":"https:\/\/dges-cba.edu.ar\/wp\/horas-catedras\/","url":"https:\/\/dges-cba.edu.ar\/wp\/horas-catedras\/","name":"Horas C\u00e1tedras \u2013 Direcci\u00f3n General de Educaci\u00f3n Superior","isPartOf":{"@id":"https:\/\/dges-cba.edu.ar\/wp\/#website"},"datePublished":"2025-10-27T21:10:59+00:00","dateModified":"2025-11-18T12:57:11+00:00","description":"Informaci\u00f3n oficial Direcci\u00f3n General de Educaci\u00f3n Superior. Consult\u00e1 requisitos, documentos, tr\u00e1mites y novedades actualizadas.","breadcrumb":{"@id":"https:\/\/dges-cba.edu.ar\/wp\/horas-catedras\/#breadcrumb"},"inLanguage":"es-AR","potentialAction":[{"@type":"ReadAction","target":["https:\/\/dges-cba.edu.ar\/wp\/horas-catedras\/"]}]},{"@type":"BreadcrumbList","@id":"https:\/\/dges-cba.edu.ar\/wp\/horas-catedras\/#breadcrumb","itemListElement":[{"@type":"ListItem","position":1,"name":"Inicio","item":"https:\/\/dges-cba.edu.ar\/wp\/"},{"@type":"ListItem","position":2,"name":"Horas C\u00e1tedras"}]},{"@type":"WebSite","@id":"https:\/\/dges-cba.edu.ar\/wp\/#website","url":"https:\/\/dges-cba.edu.ar\/wp\/","name":"Direcci\u00f3n General de Educaci\u00f3n Superior","description":"","publisher":{"@id":"https:\/\/dges-cba.edu.ar\/wp\/#organization"},"potentialAction":[{"@type":"SearchAction","target":{"@type":"EntryPoint","urlTemplate":"https:\/\/dges-cba.edu.ar\/wp\/?s={search_term_string}"},"query-input":{"@type":"PropertyValueSpecification","valueRequired":true,"valueName":"search_term_string"}}],"inLanguage":"es-AR"},{"@type":"Organization","@id":"https:\/\/dges-cba.edu.ar\/wp\/#organization","name":"Direcci\u00f3n General de Educaci\u00f3n Superior","url":"https:\/\/dges-cba.edu.ar\/wp\/","logo":{"@type":"ImageObject","inLanguage":"es-AR","@id":"https:\/\/dges-cba.edu.ar\/wp\/#\/schema\/logo\/image\/","url":"https:\/\/dges-cba.edu.ar\/wp\/wp-content\/uploads\/2026\/02\/LogoNegativo_DGES_2026.png","contentUrl":"https:\/\/dges-cba.edu.ar\/wp\/wp-content\/uploads\/2026\/02\/LogoNegativo_DGES_2026.png","width":300,"height":53,"caption":"Direcci\u00f3n General de Educaci\u00f3n Superior"},"image":{"@id":"https:\/\/dges-cba.edu.ar\/wp\/#\/schema\/logo\/image\/"},"sameAs":["https:\/\/www.facebook.com\/EducacionSuperiorCba"]}]}},"uagb_featured_image_src":{"full":false,"thumbnail":false,"medium":false,"medium_large":false,"large":false,"1536x1536":false,"2048x2048":false},"uagb_author_info":{"display_name":"Admin","author_link":"https:\/\/dges-cba.edu.ar\/wp\/author\/admin\/"},"uagb_comment_info":0,"uagb_excerpt":"CONVOCATORIA HORAS C\u00c1TEDRA Informaci\u00f3n General Referente: Lorem ipsum Correo electr\u00f3nico: Lorem-ipsum@dges-cba.edu.ar Cobertura de horas c\u00e1tedra La cobertura de horas c\u00e1tedra [&hellip;]","_links":{"self":[{"href":"https:\/\/dges-cba.edu.ar\/wp\/wp-json\/wp\/v2\/pages\/5706","targetHints":{"allow":["GET"]}}],"collection":[{"href":"https:\/\/dges-cba.edu.ar\/wp\/wp-json\/wp\/v2\/pages"}],"about":[{"href":"https:\/\/dges-cba.edu.ar\/wp\/wp-json\/wp\/v2\/types\/page"}],"author":[{"embeddable":true,"href":"https:\/\/dges-cba.edu.ar\/wp\/wp-json\/wp\/v2\/users\/2"}],"replies":[{"embeddable":true,"href":"https:\/\/dges-cba.edu.ar\/wp\/wp-json\/wp\/v2\/comments?post=5706"}],"version-history":[{"count":0,"href":"https:\/\/dges-cba.edu.ar\/wp\/wp-json\/wp\/v2\/pages\/5706\/revisions"}],"wp:attachment":[{"href":"https:\/\/dges-cba.edu.ar\/wp\/wp-json\/wp\/v2\/media?parent=5706"}],"curies":[{"name":"wp","href":"https:\/\/api.w.org\/{rel}","templated":true}]}}