{"id":7812,"date":"2025-11-19T00:18:36","date_gmt":"2025-11-19T03:18:36","guid":{"rendered":"https:\/\/testing.dges-cba.hosting-ar.com\/wpv1_2025\/?page_id=7812"},"modified":"2025-11-27T09:16:11","modified_gmt":"2025-11-27T12:16:11","slug":"coordinador-de-curso-sup-listado-de-orden-de-merito","status":"publish","type":"page","link":"https:\/\/dges-cba.edu.ar\/wp\/acceso-a-la-docencia\/convocatorias\/coordinador-de-curso-sup-listado-de-orden-de-merito\/","title":{"rendered":"Coordinador de Curso (Sup.) listado de orden de m\u00e9rito"},"content":{"rendered":"\t\t<div data-elementor-type=\"wp-page\" data-elementor-id=\"7812\" class=\"elementor elementor-7812\">\n\t\t\t\t<div class=\"elementor-element elementor-element-0d54d26 e-flex e-con-boxed e-con e-parent\" data-id=\"0d54d26\" data-element_type=\"container\">\n\t\t\t\t\t<div class=\"e-con-inner\">\n\t\t\t\t<div class=\"elementor-element elementor-element-a2dbf3d elementor-widget__width-inherit elementor-widget elementor-widget-heading\" data-id=\"a2dbf3d\" data-element_type=\"widget\" data-widget_type=\"heading.default\">\n\t\t\t\t\t<h1 class=\"elementor-heading-title elementor-size-default\">COORDINADOR DE CURSO (SUP.)<\/h1>\t\t\t\t<\/div>\n\t\t<div class=\"elementor-element elementor-element-956e3c7 e-flex e-con-boxed e-con e-child\" data-id=\"956e3c7\" data-element_type=\"container\">\n\t\t\t\t\t<div class=\"e-con-inner\">\n\t\t\t\t<div class=\"elementor-element elementor-element-8af8d17 elementor-widget__width-initial elementor-widget-mobile__width-initial elementor-widget elementor-widget-text-editor\" data-id=\"8af8d17\" data-element_type=\"widget\" data-widget_type=\"text-editor.default\">\n\t\t\t\t\t\t\t\t\t<h3 style=\"color: #004582; font-size: 24px; font-weight: bold; margin-bottom: 20px; text-align: center;\">Listado de orden de m\u00e9ritos <\/h3>\t\t\t\t\t\t\t\t<\/div>\n\t\t\t\t<div class=\"elementor-element elementor-element-2d0a0e6 elementor-widget-divider--view-line elementor-widget elementor-widget-divider\" data-id=\"2d0a0e6\" data-element_type=\"widget\" data-widget_type=\"divider.default\">\n\t\t\t\t\t\t\t<div class=\"elementor-divider\">\n\t\t\t<span class=\"elementor-divider-separator\">\n\t\t\t\t\t\t<\/span>\n\t\t<\/div>\n\t\t\t\t\t\t<\/div>\n\t\t\t\t<div class=\"elementor-element elementor-element-44b90e0 elementor-widget__width-inherit elementor-widget elementor-widget-shortcode\" data-id=\"44b90e0\" data-element_type=\"widget\" data-widget_type=\"shortcode.default\">\n\t\t\t\t\t\t\t<div class=\"elementor-shortcode\"><div class=\"fdg-lazy-load\" data-snippet=\"cordinador-curso-merito\" data-nonce=\"d810856b98\" data-language=\"html\">\n                <div class=\"fdg-spinner\"><\/div>\n            <\/div><\/div>\n\t\t\t\t\t\t<\/div>\n\t\t\t\t\t<\/div>\n\t\t\t\t<\/div>\n\t\t\t\t\t<\/div>\n\t\t\t\t<\/div>\n\t\t\t\t<\/div>\n\t\t","protected":false},"excerpt":{"rendered":"<p>COORDINADOR DE CURSO (SUP.) Listado de orden de m\u00e9ritos<\/p>\n","protected":false},"author":2,"featured_media":0,"parent":95,"menu_order":0,"comment_status":"closed","ping_status":"closed","template":"","meta":{"_uag_custom_page_level_css":"","site-sidebar-layout":"no-sidebar","site-content-layout":"","ast-site-content-layout":"full-width-container","site-content-style":"default","site-sidebar-style":"default","ast-global-header-display":"","ast-banner-title-visibility":"","ast-main-header-display":"","ast-hfb-above-header-display":"","ast-hfb-below-header-display":"","ast-hfb-mobile-header-display":"","site-post-title":"disabled","ast-breadcrumbs-content":"","ast-featured-img":"disabled","footer-sml-layout":"","theme-transparent-header-meta":"","adv-header-id-meta":"","stick-header-meta":"","header-above-stick-meta":"","header-main-stick-meta":"","header-below-stick-meta":"","astra-migrate-meta-layouts":"default","ast-page-background-enabled":"default","ast-page-background-meta":{"desktop":{"background-color":"var(--ast-global-color-5)","background-image":"","background-repeat":"repeat","background-position":"center center","background-size":"auto","background-attachment":"scroll","background-type":"","background-media":"","overlay-type":"","overlay-color":"","overlay-opacity":"","overlay-gradient":""},"tablet":{"background-color":"","background-image":"","background-repeat":"repeat","background-position":"center center","background-size":"auto","background-attachment":"scroll","background-type":"","background-media":"","overlay-type":"","overlay-color":"","overlay-opacity":"","overlay-gradient":""},"mobile":{"background-color":"","background-image":"","background-repeat":"repeat","background-position":"center center","background-size":"auto","background-attachment":"scroll","background-type":"","background-media":"","overlay-type":"","overlay-color":"","overlay-opacity":"","overlay-gradient":""}},"ast-content-background-meta":{"desktop":{"background-color":"var(--ast-global-color-4)","background-image":"","background-repeat":"repeat","background-position":"center center","background-size":"auto","background-attachment":"scroll","background-type":"","background-media":"","overlay-type":"","overlay-color":"","overlay-opacity":"","overlay-gradient":""},"tablet":{"background-color":"var(--ast-global-color-4)","background-image":"","background-repeat":"repeat","background-position":"center center","background-size":"auto","background-attachment":"scroll","background-type":"","background-media":"","overlay-type":"","overlay-color":"","overlay-opacity":"","overlay-gradient":""},"mobile":{"background-color":"var(--ast-global-color-4)","background-image":"","background-repeat":"repeat","background-position":"center center","background-size":"auto","background-attachment":"scroll","background-type":"","background-media":"","overlay-type":"","overlay-color":"","overlay-opacity":"","overlay-gradient":""}},"footnotes":""},"class_list":["post-7812","page","type-page","status-publish","hentry"],"yoast_head":"<!-- This site is optimized with the Yoast SEO plugin v26.4 - https:\/\/yoast.com\/wordpress\/plugins\/seo\/ -->\n<title>Coordinador de Ense\u00f1anza Superior listado de orden de m\u00e9rito<\/title>\n<meta name=\"description\" content=\"Informaci\u00f3n oficial Direcci\u00f3n General de Educaci\u00f3n Superior. Consult\u00e1 requisitos, documentos, tr\u00e1mites y novedades actualizadas.\" \/>\n<meta name=\"robots\" content=\"index, follow, max-snippet:-1, max-image-preview:large, max-video-preview:-1\" \/>\n<link rel=\"canonical\" href=\"https:\/\/dges-cba.edu.ar\/wp\/acceso-a-la-docencia\/convocatorias\/coordinador-de-curso-sup-listado-de-orden-de-merito\/\" \/>\n<meta property=\"og:locale\" content=\"es_ES\" \/>\n<meta property=\"og:type\" content=\"article\" \/>\n<meta property=\"og:title\" content=\"Coordinador de Ense\u00f1anza Superior listado de orden de m\u00e9rito\" \/>\n<meta property=\"og:description\" content=\"Informaci\u00f3n oficial Direcci\u00f3n General de Educaci\u00f3n Superior. Consult\u00e1 requisitos, documentos, tr\u00e1mites y novedades actualizadas.\" \/>\n<meta property=\"og:url\" content=\"https:\/\/dges-cba.edu.ar\/wp\/acceso-a-la-docencia\/convocatorias\/coordinador-de-curso-sup-listado-de-orden-de-merito\/\" \/>\n<meta property=\"article:publisher\" content=\"https:\/\/www.facebook.com\/EducacionSuperiorCba\" \/>\n<meta property=\"article:modified_time\" content=\"2025-11-27T12:16:11+00:00\" \/>\n<meta name=\"twitter:card\" content=\"summary_large_image\" \/>\n<meta name=\"twitter:label1\" content=\"Tiempo de lectura\" \/>\n\t<meta name=\"twitter:data1\" content=\"1 minuto\" \/>\n<script type=\"application\/ld+json\" class=\"yoast-schema-graph\">{\"@context\":\"https:\/\/schema.org\",\"@graph\":[{\"@type\":\"WebPage\",\"@id\":\"https:\/\/dges-cba.edu.ar\/wp\/acceso-a-la-docencia\/convocatorias\/coordinador-de-curso-sup-listado-de-orden-de-merito\/\",\"url\":\"https:\/\/dges-cba.edu.ar\/wp\/acceso-a-la-docencia\/convocatorias\/coordinador-de-curso-sup-listado-de-orden-de-merito\/\",\"name\":\"Coordinador de Ense\u00f1anza Superior listado de orden de m\u00e9rito\",\"isPartOf\":{\"@id\":\"https:\/\/dges-cba.edu.ar\/wp\/#website\"},\"datePublished\":\"2025-11-19T03:18:36+00:00\",\"dateModified\":\"2025-11-27T12:16:11+00:00\",\"description\":\"Informaci\u00f3n oficial Direcci\u00f3n General de Educaci\u00f3n Superior. Consult\u00e1 requisitos, documentos, tr\u00e1mites y novedades actualizadas.\",\"breadcrumb\":{\"@id\":\"https:\/\/dges-cba.edu.ar\/wp\/acceso-a-la-docencia\/convocatorias\/coordinador-de-curso-sup-listado-de-orden-de-merito\/#breadcrumb\"},\"inLanguage\":\"es-AR\",\"potentialAction\":[{\"@type\":\"ReadAction\",\"target\":[\"https:\/\/dges-cba.edu.ar\/wp\/acceso-a-la-docencia\/convocatorias\/coordinador-de-curso-sup-listado-de-orden-de-merito\/\"]}]},{\"@type\":\"BreadcrumbList\",\"@id\":\"https:\/\/dges-cba.edu.ar\/wp\/acceso-a-la-docencia\/convocatorias\/coordinador-de-curso-sup-listado-de-orden-de-merito\/#breadcrumb\",\"itemListElement\":[{\"@type\":\"ListItem\",\"position\":1,\"name\":\"Inicio\",\"item\":\"https:\/\/dges-cba.edu.ar\/wp\/\"},{\"@type\":\"ListItem\",\"position\":2,\"name\":\"Acceso a la docencia\",\"item\":\"https:\/\/dges-cba.edu.ar\/wp\/acceso-a-la-docencia\/\"},{\"@type\":\"ListItem\",\"position\":3,\"name\":\"Convocatorias\",\"item\":\"https:\/\/dges-cba.edu.ar\/wp\/acceso-a-la-docencia\/convocatorias\/\"},{\"@type\":\"ListItem\",\"position\":4,\"name\":\"Coordinador de Curso (Sup.) listado de orden de m\u00e9rito\"}]},{\"@type\":\"WebSite\",\"@id\":\"https:\/\/dges-cba.edu.ar\/wp\/#website\",\"url\":\"https:\/\/dges-cba.edu.ar\/wp\/\",\"name\":\"Direcci\u00f3n General de Educaci\u00f3n Superior\",\"description\":\"\",\"publisher\":{\"@id\":\"https:\/\/dges-cba.edu.ar\/wp\/#organization\"},\"potentialAction\":[{\"@type\":\"SearchAction\",\"target\":{\"@type\":\"EntryPoint\",\"urlTemplate\":\"https:\/\/dges-cba.edu.ar\/wp\/?s={search_term_string}\"},\"query-input\":{\"@type\":\"PropertyValueSpecification\",\"valueRequired\":true,\"valueName\":\"search_term_string\"}}],\"inLanguage\":\"es-AR\"},{\"@type\":\"Organization\",\"@id\":\"https:\/\/dges-cba.edu.ar\/wp\/#organization\",\"name\":\"Direcci\u00f3n General de Educaci\u00f3n Superior\",\"url\":\"https:\/\/dges-cba.edu.ar\/wp\/\",\"logo\":{\"@type\":\"ImageObject\",\"inLanguage\":\"es-AR\",\"@id\":\"https:\/\/dges-cba.edu.ar\/wp\/#\/schema\/logo\/image\/\",\"url\":\"https:\/\/dges-cba.edu.ar\/wp\/wp-content\/uploads\/2026\/02\/LogoNegativo_DGES_2026.png\",\"contentUrl\":\"https:\/\/dges-cba.edu.ar\/wp\/wp-content\/uploads\/2026\/02\/LogoNegativo_DGES_2026.png\",\"width\":300,\"height\":53,\"caption\":\"Direcci\u00f3n General de Educaci\u00f3n Superior\"},\"image\":{\"@id\":\"https:\/\/dges-cba.edu.ar\/wp\/#\/schema\/logo\/image\/\"},\"sameAs\":[\"https:\/\/www.facebook.com\/EducacionSuperiorCba\"]}]}<\/script>\n<!-- \/ Yoast SEO plugin. -->","yoast_head_json":{"title":"Coordinador de Ense\u00f1anza Superior listado de orden de m\u00e9rito","description":"Informaci\u00f3n oficial Direcci\u00f3n General de Educaci\u00f3n Superior. Consult\u00e1 requisitos, documentos, tr\u00e1mites y novedades actualizadas.","robots":{"index":"index","follow":"follow","max-snippet":"max-snippet:-1","max-image-preview":"max-image-preview:large","max-video-preview":"max-video-preview:-1"},"canonical":"https:\/\/dges-cba.edu.ar\/wp\/acceso-a-la-docencia\/convocatorias\/coordinador-de-curso-sup-listado-de-orden-de-merito\/","og_locale":"es_ES","og_type":"article","og_title":"Coordinador de Ense\u00f1anza Superior listado de orden de m\u00e9rito","og_description":"Informaci\u00f3n oficial Direcci\u00f3n General de Educaci\u00f3n Superior. Consult\u00e1 requisitos, documentos, tr\u00e1mites y novedades actualizadas.","og_url":"https:\/\/dges-cba.edu.ar\/wp\/acceso-a-la-docencia\/convocatorias\/coordinador-de-curso-sup-listado-de-orden-de-merito\/","article_publisher":"https:\/\/www.facebook.com\/EducacionSuperiorCba","article_modified_time":"2025-11-27T12:16:11+00:00","twitter_card":"summary_large_image","twitter_misc":{"Tiempo de lectura":"1 minuto"},"schema":{"@context":"https:\/\/schema.org","@graph":[{"@type":"WebPage","@id":"https:\/\/dges-cba.edu.ar\/wp\/acceso-a-la-docencia\/convocatorias\/coordinador-de-curso-sup-listado-de-orden-de-merito\/","url":"https:\/\/dges-cba.edu.ar\/wp\/acceso-a-la-docencia\/convocatorias\/coordinador-de-curso-sup-listado-de-orden-de-merito\/","name":"Coordinador de Ense\u00f1anza Superior listado de orden de m\u00e9rito","isPartOf":{"@id":"https:\/\/dges-cba.edu.ar\/wp\/#website"},"datePublished":"2025-11-19T03:18:36+00:00","dateModified":"2025-11-27T12:16:11+00:00","description":"Informaci\u00f3n oficial Direcci\u00f3n General de Educaci\u00f3n Superior. Consult\u00e1 requisitos, documentos, tr\u00e1mites y novedades actualizadas.","breadcrumb":{"@id":"https:\/\/dges-cba.edu.ar\/wp\/acceso-a-la-docencia\/convocatorias\/coordinador-de-curso-sup-listado-de-orden-de-merito\/#breadcrumb"},"inLanguage":"es-AR","potentialAction":[{"@type":"ReadAction","target":["https:\/\/dges-cba.edu.ar\/wp\/acceso-a-la-docencia\/convocatorias\/coordinador-de-curso-sup-listado-de-orden-de-merito\/"]}]},{"@type":"BreadcrumbList","@id":"https:\/\/dges-cba.edu.ar\/wp\/acceso-a-la-docencia\/convocatorias\/coordinador-de-curso-sup-listado-de-orden-de-merito\/#breadcrumb","itemListElement":[{"@type":"ListItem","position":1,"name":"Inicio","item":"https:\/\/dges-cba.edu.ar\/wp\/"},{"@type":"ListItem","position":2,"name":"Acceso a la docencia","item":"https:\/\/dges-cba.edu.ar\/wp\/acceso-a-la-docencia\/"},{"@type":"ListItem","position":3,"name":"Convocatorias","item":"https:\/\/dges-cba.edu.ar\/wp\/acceso-a-la-docencia\/convocatorias\/"},{"@type":"ListItem","position":4,"name":"Coordinador de Curso (Sup.) listado de orden de m\u00e9rito"}]},{"@type":"WebSite","@id":"https:\/\/dges-cba.edu.ar\/wp\/#website","url":"https:\/\/dges-cba.edu.ar\/wp\/","name":"Direcci\u00f3n General de Educaci\u00f3n Superior","description":"","publisher":{"@id":"https:\/\/dges-cba.edu.ar\/wp\/#organization"},"potentialAction":[{"@type":"SearchAction","target":{"@type":"EntryPoint","urlTemplate":"https:\/\/dges-cba.edu.ar\/wp\/?s={search_term_string}"},"query-input":{"@type":"PropertyValueSpecification","valueRequired":true,"valueName":"search_term_string"}}],"inLanguage":"es-AR"},{"@type":"Organization","@id":"https:\/\/dges-cba.edu.ar\/wp\/#organization","name":"Direcci\u00f3n General de Educaci\u00f3n Superior","url":"https:\/\/dges-cba.edu.ar\/wp\/","logo":{"@type":"ImageObject","inLanguage":"es-AR","@id":"https:\/\/dges-cba.edu.ar\/wp\/#\/schema\/logo\/image\/","url":"https:\/\/dges-cba.edu.ar\/wp\/wp-content\/uploads\/2026\/02\/LogoNegativo_DGES_2026.png","contentUrl":"https:\/\/dges-cba.edu.ar\/wp\/wp-content\/uploads\/2026\/02\/LogoNegativo_DGES_2026.png","width":300,"height":53,"caption":"Direcci\u00f3n General de Educaci\u00f3n Superior"},"image":{"@id":"https:\/\/dges-cba.edu.ar\/wp\/#\/schema\/logo\/image\/"},"sameAs":["https:\/\/www.facebook.com\/EducacionSuperiorCba"]}]}},"uagb_featured_image_src":{"full":false,"thumbnail":false,"medium":false,"medium_large":false,"large":false,"1536x1536":false,"2048x2048":false},"uagb_author_info":{"display_name":"Admin","author_link":"https:\/\/dges-cba.edu.ar\/wp\/author\/admin\/"},"uagb_comment_info":0,"uagb_excerpt":"COORDINADOR DE CURSO (SUP.) Listado de orden de m\u00e9ritos","_links":{"self":[{"href":"https:\/\/dges-cba.edu.ar\/wp\/wp-json\/wp\/v2\/pages\/7812","targetHints":{"allow":["GET"]}}],"collection":[{"href":"https:\/\/dges-cba.edu.ar\/wp\/wp-json\/wp\/v2\/pages"}],"about":[{"href":"https:\/\/dges-cba.edu.ar\/wp\/wp-json\/wp\/v2\/types\/page"}],"author":[{"embeddable":true,"href":"https:\/\/dges-cba.edu.ar\/wp\/wp-json\/wp\/v2\/users\/2"}],"replies":[{"embeddable":true,"href":"https:\/\/dges-cba.edu.ar\/wp\/wp-json\/wp\/v2\/comments?post=7812"}],"version-history":[{"count":0,"href":"https:\/\/dges-cba.edu.ar\/wp\/wp-json\/wp\/v2\/pages\/7812\/revisions"}],"up":[{"embeddable":true,"href":"https:\/\/dges-cba.edu.ar\/wp\/wp-json\/wp\/v2\/pages\/95"}],"wp:attachment":[{"href":"https:\/\/dges-cba.edu.ar\/wp\/wp-json\/wp\/v2\/media?parent=7812"}],"curies":[{"name":"wp","href":"https:\/\/api.w.org\/{rel}","templated":true}]}}