{"id":87,"date":"2025-08-07T00:10:26","date_gmt":"2025-08-07T03:10:26","guid":{"rendered":"https:\/\/testing.dges-cba.hosting-ar.com\/wpv1_2025\/?page_id=87"},"modified":"2025-11-27T01:47:06","modified_gmt":"2025-11-27T04:47:06","slug":"contacto","status":"publish","type":"page","link":"https:\/\/dges-cba.edu.ar\/wp\/institucional\/contacto\/","title":{"rendered":"Contacto"},"content":{"rendered":"\t\t<div data-elementor-type=\"wp-page\" data-elementor-id=\"87\" class=\"elementor elementor-87\">\n\t\t\t\t<div class=\"elementor-element elementor-element-97d3c4c e-flex e-con-boxed e-con e-parent\" data-id=\"97d3c4c\" data-element_type=\"container\">\n\t\t\t\t\t<div class=\"e-con-inner\">\n\t\t<div class=\"elementor-element elementor-element-f6d1cc6 e-con-full e-flex e-con e-child\" data-id=\"f6d1cc6\" data-element_type=\"container\">\n\t\t\t\t<div class=\"elementor-element elementor-element-cb8d8c8 elementor-widget elementor-widget-heading\" data-id=\"cb8d8c8\" data-element_type=\"widget\" data-widget_type=\"heading.default\">\n\t\t\t\t\t<h2 class=\"elementor-heading-title elementor-size-default\">Cont\u00e1ctate con nosotros<\/h2>\t\t\t\t<\/div>\n\t\t\t\t<div class=\"elementor-element elementor-element-5b67bcd elementor-widget-divider--view-line elementor-widget elementor-widget-divider\" data-id=\"5b67bcd\" data-element_type=\"widget\" data-widget_type=\"divider.default\">\n\t\t\t\t\t\t\t<div class=\"elementor-divider\">\n\t\t\t<span class=\"elementor-divider-separator\">\n\t\t\t\t\t\t<\/span>\n\t\t<\/div>\n\t\t\t\t\t\t<\/div>\n\t\t\t\t<div class=\"elementor-element elementor-element-789ca5b elementor-align-left elementor-icon-list--layout-traditional elementor-list-item-link-full_width elementor-widget elementor-widget-icon-list\" data-id=\"789ca5b\" data-element_type=\"widget\" data-widget_type=\"icon-list.default\">\n\t\t\t\t\t\t\t<ul class=\"elementor-icon-list-items\">\n\t\t\t\t\t\t\t<li class=\"elementor-icon-list-item\">\n\t\t\t\t\t\t\t\t\t\t\t<span class=\"elementor-icon-list-icon\">\n\t\t\t\t\t\t\t<svg aria-hidden=\"true\" class=\"e-font-icon-svg e-fas-envelope\" viewBox=\"0 0 512 512\" xmlns=\"http:\/\/www.w3.org\/2000\/svg\"><path d=\"M502.3 190.8c3.9-3.1 9.7-.2 9.7 4.7V400c0 26.5-21.5 48-48 48H48c-26.5 0-48-21.5-48-48V195.6c0-5 5.7-7.8 9.7-4.7 22.4 17.4 52.1 39.5 154.1 113.6 21.1 15.4 56.7 47.8 92.2 47.6 35.7.3 72-32.8 92.3-47.6 102-74.1 131.6-96.3 154-113.7zM256 320c23.2.4 56.6-29.2 73.4-41.4 132.7-96.3 142.8-104.7 173.4-128.7 5.8-4.5 9.2-11.5 9.2-18.9v-19c0-26.5-21.5-48-48-48H48C21.5 64 0 85.5 0 112v19c0 7.4 3.4 14.3 9.2 18.9 30.6 23.9 40.7 32.4 173.4 128.7 16.8 12.2 50.2 41.8 73.4 41.4z\"><\/path><\/svg>\t\t\t\t\t\t<\/span>\n\t\t\t\t\t\t\t\t\t\t<span class=\"elementor-icon-list-text\">virtualdges@gmail.com<\/span>\n\t\t\t\t\t\t\t\t\t<\/li>\n\t\t\t\t\t\t\t\t<li class=\"elementor-icon-list-item\">\n\t\t\t\t\t\t\t\t\t\t\t<span class=\"elementor-icon-list-icon\">\n\t\t\t\t\t\t\t<svg aria-hidden=\"true\" class=\"e-font-icon-svg e-fas-phone-alt\" viewBox=\"0 0 512 512\" xmlns=\"http:\/\/www.w3.org\/2000\/svg\"><path d=\"M497.39 361.8l-112-48a24 24 0 0 0-28 6.9l-49.6 60.6A370.66 370.66 0 0 1 130.6 204.11l60.6-49.6a23.94 23.94 0 0 0 6.9-28l-48-112A24.16 24.16 0 0 0 122.6.61l-104 24A24 24 0 0 0 0 48c0 256.5 207.9 464 464 464a24 24 0 0 0 23.4-18.6l24-104a24.29 24.29 0 0 0-14.01-27.6z\"><\/path><\/svg>\t\t\t\t\t\t<\/span>\n\t\t\t\t\t\t\t\t\t\t<span class=\"elementor-icon-list-text\">0351-5243000 int 36<\/span>\n\t\t\t\t\t\t\t\t\t<\/li>\n\t\t\t\t\t\t\t\t<li class=\"elementor-icon-list-item\">\n\t\t\t\t\t\t\t\t\t\t\t<span class=\"elementor-icon-list-icon\">\n\t\t\t\t\t\t\t<svg aria-hidden=\"true\" class=\"e-font-icon-svg e-fas-building\" viewBox=\"0 0 448 512\" xmlns=\"http:\/\/www.w3.org\/2000\/svg\"><path d=\"M436 480h-20V24c0-13.255-10.745-24-24-24H56C42.745 0 32 10.745 32 24v456H12c-6.627 0-12 5.373-12 12v20h448v-20c0-6.627-5.373-12-12-12zM128 76c0-6.627 5.373-12 12-12h40c6.627 0 12 5.373 12 12v40c0 6.627-5.373 12-12 12h-40c-6.627 0-12-5.373-12-12V76zm0 96c0-6.627 5.373-12 12-12h40c6.627 0 12 5.373 12 12v40c0 6.627-5.373 12-12 12h-40c-6.627 0-12-5.373-12-12v-40zm52 148h-40c-6.627 0-12-5.373-12-12v-40c0-6.627 5.373-12 12-12h40c6.627 0 12 5.373 12 12v40c0 6.627-5.373 12-12 12zm76 160h-64v-84c0-6.627 5.373-12 12-12h40c6.627 0 12 5.373 12 12v84zm64-172c0 6.627-5.373 12-12 12h-40c-6.627 0-12-5.373-12-12v-40c0-6.627 5.373-12 12-12h40c6.627 0 12 5.373 12 12v40zm0-96c0 6.627-5.373 12-12 12h-40c-6.627 0-12-5.373-12-12v-40c0-6.627 5.373-12 12-12h40c6.627 0 12 5.373 12 12v40zm0-96c0 6.627-5.373 12-12 12h-40c-6.627 0-12-5.373-12-12V76c0-6.627 5.373-12 12-12h40c6.627 0 12 5.373 12 12v40z\"><\/path><\/svg>\t\t\t\t\t\t<\/span>\n\t\t\t\t\t\t\t\t\t\t<span class=\"elementor-icon-list-text\">Av. Col\u00f3n 93 5\u00b0 Piso. C\u00f3rdoba, Argentina<\/span>\n\t\t\t\t\t\t\t\t\t<\/li>\n\t\t\t\t\t\t<\/ul>\n\t\t\t\t\t\t<\/div>\n\t\t\t\t<\/div>\n\t\t<div class=\"elementor-element elementor-element-ead8d11 e-con-full e-flex e-con e-child\" data-id=\"ead8d11\" data-element_type=\"container\" data-settings=\"{&quot;background_background&quot;:&quot;classic&quot;}\">\n\t\t\t\t<div class=\"elementor-element elementor-element-c516c0d elementor-widget elementor-widget-heading\" data-id=\"c516c0d\" data-element_type=\"widget\" data-widget_type=\"heading.default\">\n\t\t\t\t\t<h2 class=\"elementor-heading-title elementor-size-default\">O pod\u00e9s enviarnos un mensaje<\/h2>\t\t\t\t<\/div>\n\t\t\t\t<div class=\"elementor-element elementor-element-4452f2d elementor-widget__width-initial elementor-widget-tablet__width-initial elementor-widget-mobile__width-initial eael-contact-form-7-button-align-left eael-contact-form-7-button-custom elementor-widget elementor-widget-eael-contact-form-7\" data-id=\"4452f2d\" data-element_type=\"widget\" data-widget_type=\"eael-contact-form-7.default\">\n\t\t\t\t\t<div class=\"eael-contact-form-7-wrapper\">\n                <div class=\"eael-contact-form eael-contact-form-7 eael-contact-form-4452f2d placeholder-show eael-contact-form-align-default\">\n<div class=\"wpcf7 no-js\" id=\"wpcf7-f1981-o1\" lang=\"es-AR\" dir=\"ltr\" data-wpcf7-id=\"1981\">\n<div class=\"screen-reader-response\"><p role=\"status\" aria-live=\"polite\" aria-atomic=\"true\"><\/p> <ul><\/ul><\/div>\n<form action=\"\/wp\/wp-json\/wp\/v2\/pages\/87#wpcf7-f1981-o1\" method=\"post\" class=\"wpcf7-form init\" aria-label=\"Formulario de contacto\" novalidate=\"novalidate\" data-status=\"init\">\n<fieldset class=\"hidden-fields-container\"><input type=\"hidden\" name=\"_wpcf7\" value=\"1981\" \/><input type=\"hidden\" name=\"_wpcf7_version\" value=\"6.1.3\" \/><input type=\"hidden\" name=\"_wpcf7_locale\" value=\"es_AR\" \/><input type=\"hidden\" name=\"_wpcf7_unit_tag\" value=\"wpcf7-f1981-o1\" \/><input type=\"hidden\" name=\"_wpcf7_container_post\" value=\"0\" \/><input type=\"hidden\" name=\"_wpcf7_posted_data_hash\" value=\"\" \/><input type=\"hidden\" name=\"_wpcf7_recaptcha_response\" value=\"\" \/>\n<\/fieldset>\n<p><label> Tu nombre<br \/>\n<span class=\"wpcf7-form-control-wrap\" data-name=\"your-name\"><input size=\"40\" maxlength=\"400\" class=\"wpcf7-form-control wpcf7-text wpcf7-validates-as-required\" autocomplete=\"name\" aria-required=\"true\" aria-invalid=\"false\" value=\"\" type=\"text\" name=\"your-name\" \/><\/span> <\/label>\n<\/p>\n<p><label> Tu correo electr\u00f3nico<br \/>\n<span class=\"wpcf7-form-control-wrap\" data-name=\"your-email\"><input size=\"40\" maxlength=\"400\" class=\"wpcf7-form-control wpcf7-email wpcf7-validates-as-required wpcf7-text wpcf7-validates-as-email\" autocomplete=\"email\" aria-required=\"true\" aria-invalid=\"false\" value=\"\" type=\"email\" name=\"your-email\" \/><\/span> <\/label>\n<\/p>\n<p><label> Asunto<br \/>\n<span class=\"wpcf7-form-control-wrap\" data-name=\"your-subject\"><input size=\"40\" maxlength=\"400\" class=\"wpcf7-form-control wpcf7-text wpcf7-validates-as-required\" aria-required=\"true\" aria-invalid=\"false\" value=\"\" type=\"text\" name=\"your-subject\" \/><\/span> <\/label>\n<\/p>\n<p><label> Tu mensaje (opcional)<br \/>\n<span class=\"wpcf7-form-control-wrap\" data-name=\"your-message\"><textarea cols=\"40\" rows=\"6\" maxlength=\"2000\" class=\"wpcf7-form-control wpcf7-textarea no-expandible\" aria-invalid=\"false\" name=\"your-message\"><\/textarea><\/span> <\/label>\n<\/p>\n<div class=\"wpcf7-response-output\" aria-hidden=\"true\"><\/div>\n<p><input class=\"wpcf7-form-control wpcf7-submit has-spinner\" type=\"submit\" value=\"Enviar\" \/>\n<\/p>\n<\/form>\n<\/div>\n<\/div>\n            <\/div>\t\t\t\t<\/div>\n\t\t\t\t<\/div>\n\t\t\t\t\t<\/div>\n\t\t\t\t<\/div>\n\t\t\t\t<\/div>\n\t\t","protected":false},"excerpt":{"rendered":"<p>Cont\u00e1ctate con nosotros virtualdges@gmail.com 0351-5243000 int 36 Av. Col\u00f3n 93 5\u00b0 Piso. C\u00f3rdoba, Argentina O pod\u00e9s enviarnos un mensaje Tu [&hellip;]<\/p>\n","protected":false},"author":2,"featured_media":0,"parent":152,"menu_order":0,"comment_status":"closed","ping_status":"closed","template":"","meta":{"_uag_custom_page_level_css":"","site-sidebar-layout":"no-sidebar","site-content-layout":"","ast-site-content-layout":"full-width-container","site-content-style":"default","site-sidebar-style":"default","ast-global-header-display":"","ast-banner-title-visibility":"","ast-main-header-display":"","ast-hfb-above-header-display":"","ast-hfb-below-header-display":"","ast-hfb-mobile-header-display":"","site-post-title":"disabled","ast-breadcrumbs-content":"","ast-featured-img":"disabled","footer-sml-layout":"","theme-transparent-header-meta":"","adv-header-id-meta":"","stick-header-meta":"","header-above-stick-meta":"","header-main-stick-meta":"","header-below-stick-meta":"","astra-migrate-meta-layouts":"default","ast-page-background-enabled":"default","ast-page-background-meta":{"desktop":{"background-color":"var(--ast-global-color-5)","background-image":"","background-repeat":"repeat","background-position":"center center","background-size":"auto","background-attachment":"scroll","background-type":"","background-media":"","overlay-type":"","overlay-color":"","overlay-opacity":"","overlay-gradient":""},"tablet":{"background-color":"","background-image":"","background-repeat":"repeat","background-position":"center center","background-size":"auto","background-attachment":"scroll","background-type":"","background-media":"","overlay-type":"","overlay-color":"","overlay-opacity":"","overlay-gradient":""},"mobile":{"background-color":"","background-image":"","background-repeat":"repeat","background-position":"center center","background-size":"auto","background-attachment":"scroll","background-type":"","background-media":"","overlay-type":"","overlay-color":"","overlay-opacity":"","overlay-gradient":""}},"ast-content-background-meta":{"desktop":{"background-color":"var(--ast-global-color-4)","background-image":"","background-repeat":"repeat","background-position":"center center","background-size":"auto","background-attachment":"scroll","background-type":"","background-media":"","overlay-type":"","overlay-color":"","overlay-opacity":"","overlay-gradient":""},"tablet":{"background-color":"var(--ast-global-color-4)","background-image":"","background-repeat":"repeat","background-position":"center center","background-size":"auto","background-attachment":"scroll","background-type":"","background-media":"","overlay-type":"","overlay-color":"","overlay-opacity":"","overlay-gradient":""},"mobile":{"background-color":"var(--ast-global-color-4)","background-image":"","background-repeat":"repeat","background-position":"center center","background-size":"auto","background-attachment":"scroll","background-type":"","background-media":"","overlay-type":"","overlay-color":"","overlay-opacity":"","overlay-gradient":""}},"footnotes":""},"class_list":["post-87","page","type-page","status-publish","hentry"],"yoast_head":"<!-- This site is optimized with the Yoast SEO plugin v26.4 - https:\/\/yoast.com\/wordpress\/plugins\/seo\/ -->\n<title>Contacto \u2013 Direcci\u00f3n General de Educaci\u00f3n Superior<\/title>\n<meta name=\"description\" content=\"Informaci\u00f3n oficial Direcci\u00f3n General de Educaci\u00f3n Superior. Consult\u00e1 requisitos, documentos, tr\u00e1mites y novedades actualizadas.\" \/>\n<meta name=\"robots\" content=\"index, follow, max-snippet:-1, max-image-preview:large, max-video-preview:-1\" \/>\n<link rel=\"canonical\" href=\"https:\/\/dges-cba.edu.ar\/wp\/institucional\/contacto\/\" \/>\n<meta property=\"og:locale\" content=\"es_ES\" \/>\n<meta property=\"og:type\" content=\"article\" \/>\n<meta property=\"og:title\" content=\"Contacto \u2013 Direcci\u00f3n General de Educaci\u00f3n Superior\" \/>\n<meta property=\"og:description\" content=\"Informaci\u00f3n oficial Direcci\u00f3n General de Educaci\u00f3n Superior. Consult\u00e1 requisitos, documentos, tr\u00e1mites y novedades actualizadas.\" \/>\n<meta property=\"og:url\" content=\"https:\/\/dges-cba.edu.ar\/wp\/institucional\/contacto\/\" \/>\n<meta property=\"article:publisher\" content=\"https:\/\/www.facebook.com\/EducacionSuperiorCba\" \/>\n<meta property=\"article:modified_time\" content=\"2025-11-27T04:47:06+00:00\" \/>\n<meta name=\"twitter:card\" content=\"summary_large_image\" \/>\n<meta name=\"twitter:label1\" content=\"Tiempo de lectura\" \/>\n\t<meta name=\"twitter:data1\" content=\"1 minuto\" \/>\n<script type=\"application\/ld+json\" class=\"yoast-schema-graph\">{\"@context\":\"https:\/\/schema.org\",\"@graph\":[{\"@type\":\"WebPage\",\"@id\":\"https:\/\/dges-cba.edu.ar\/wp\/institucional\/contacto\/\",\"url\":\"https:\/\/dges-cba.edu.ar\/wp\/institucional\/contacto\/\",\"name\":\"Contacto \u2013 Direcci\u00f3n General de Educaci\u00f3n Superior\",\"isPartOf\":{\"@id\":\"https:\/\/dges-cba.edu.ar\/wp\/#website\"},\"datePublished\":\"2025-08-07T03:10:26+00:00\",\"dateModified\":\"2025-11-27T04:47:06+00:00\",\"description\":\"Informaci\u00f3n oficial Direcci\u00f3n General de Educaci\u00f3n Superior. Consult\u00e1 requisitos, documentos, tr\u00e1mites y novedades actualizadas.\",\"breadcrumb\":{\"@id\":\"https:\/\/dges-cba.edu.ar\/wp\/institucional\/contacto\/#breadcrumb\"},\"inLanguage\":\"es-AR\",\"potentialAction\":[{\"@type\":\"ReadAction\",\"target\":[\"https:\/\/dges-cba.edu.ar\/wp\/institucional\/contacto\/\"]}]},{\"@type\":\"BreadcrumbList\",\"@id\":\"https:\/\/dges-cba.edu.ar\/wp\/institucional\/contacto\/#breadcrumb\",\"itemListElement\":[{\"@type\":\"ListItem\",\"position\":1,\"name\":\"Inicio\",\"item\":\"https:\/\/dges-cba.edu.ar\/wp\/\"},{\"@type\":\"ListItem\",\"position\":2,\"name\":\"Institucional\",\"item\":\"https:\/\/dges-cba.edu.ar\/wp\/institucional\/\"},{\"@type\":\"ListItem\",\"position\":3,\"name\":\"Contacto\"}]},{\"@type\":\"WebSite\",\"@id\":\"https:\/\/dges-cba.edu.ar\/wp\/#website\",\"url\":\"https:\/\/dges-cba.edu.ar\/wp\/\",\"name\":\"Direcci\u00f3n General de Educaci\u00f3n Superior\",\"description\":\"\",\"publisher\":{\"@id\":\"https:\/\/dges-cba.edu.ar\/wp\/#organization\"},\"potentialAction\":[{\"@type\":\"SearchAction\",\"target\":{\"@type\":\"EntryPoint\",\"urlTemplate\":\"https:\/\/dges-cba.edu.ar\/wp\/?s={search_term_string}\"},\"query-input\":{\"@type\":\"PropertyValueSpecification\",\"valueRequired\":true,\"valueName\":\"search_term_string\"}}],\"inLanguage\":\"es-AR\"},{\"@type\":\"Organization\",\"@id\":\"https:\/\/dges-cba.edu.ar\/wp\/#organization\",\"name\":\"Direcci\u00f3n General de Educaci\u00f3n Superior\",\"url\":\"https:\/\/dges-cba.edu.ar\/wp\/\",\"logo\":{\"@type\":\"ImageObject\",\"inLanguage\":\"es-AR\",\"@id\":\"https:\/\/dges-cba.edu.ar\/wp\/#\/schema\/logo\/image\/\",\"url\":\"https:\/\/dges-cba.edu.ar\/wp\/wp-content\/uploads\/2026\/02\/LogoNegativo_DGES_2026.png\",\"contentUrl\":\"https:\/\/dges-cba.edu.ar\/wp\/wp-content\/uploads\/2026\/02\/LogoNegativo_DGES_2026.png\",\"width\":300,\"height\":53,\"caption\":\"Direcci\u00f3n General de Educaci\u00f3n Superior\"},\"image\":{\"@id\":\"https:\/\/dges-cba.edu.ar\/wp\/#\/schema\/logo\/image\/\"},\"sameAs\":[\"https:\/\/www.facebook.com\/EducacionSuperiorCba\"]}]}<\/script>\n<!-- \/ Yoast SEO plugin. -->","yoast_head_json":{"title":"Contacto \u2013 Direcci\u00f3n General de Educaci\u00f3n Superior","description":"Informaci\u00f3n oficial Direcci\u00f3n General de Educaci\u00f3n Superior. Consult\u00e1 requisitos, documentos, tr\u00e1mites y novedades actualizadas.","robots":{"index":"index","follow":"follow","max-snippet":"max-snippet:-1","max-image-preview":"max-image-preview:large","max-video-preview":"max-video-preview:-1"},"canonical":"https:\/\/dges-cba.edu.ar\/wp\/institucional\/contacto\/","og_locale":"es_ES","og_type":"article","og_title":"Contacto \u2013 Direcci\u00f3n General de Educaci\u00f3n Superior","og_description":"Informaci\u00f3n oficial Direcci\u00f3n General de Educaci\u00f3n Superior. Consult\u00e1 requisitos, documentos, tr\u00e1mites y novedades actualizadas.","og_url":"https:\/\/dges-cba.edu.ar\/wp\/institucional\/contacto\/","article_publisher":"https:\/\/www.facebook.com\/EducacionSuperiorCba","article_modified_time":"2025-11-27T04:47:06+00:00","twitter_card":"summary_large_image","twitter_misc":{"Tiempo de lectura":"1 minuto"},"schema":{"@context":"https:\/\/schema.org","@graph":[{"@type":"WebPage","@id":"https:\/\/dges-cba.edu.ar\/wp\/institucional\/contacto\/","url":"https:\/\/dges-cba.edu.ar\/wp\/institucional\/contacto\/","name":"Contacto \u2013 Direcci\u00f3n General de Educaci\u00f3n Superior","isPartOf":{"@id":"https:\/\/dges-cba.edu.ar\/wp\/#website"},"datePublished":"2025-08-07T03:10:26+00:00","dateModified":"2025-11-27T04:47:06+00:00","description":"Informaci\u00f3n oficial Direcci\u00f3n General de Educaci\u00f3n Superior. Consult\u00e1 requisitos, documentos, tr\u00e1mites y novedades actualizadas.","breadcrumb":{"@id":"https:\/\/dges-cba.edu.ar\/wp\/institucional\/contacto\/#breadcrumb"},"inLanguage":"es-AR","potentialAction":[{"@type":"ReadAction","target":["https:\/\/dges-cba.edu.ar\/wp\/institucional\/contacto\/"]}]},{"@type":"BreadcrumbList","@id":"https:\/\/dges-cba.edu.ar\/wp\/institucional\/contacto\/#breadcrumb","itemListElement":[{"@type":"ListItem","position":1,"name":"Inicio","item":"https:\/\/dges-cba.edu.ar\/wp\/"},{"@type":"ListItem","position":2,"name":"Institucional","item":"https:\/\/dges-cba.edu.ar\/wp\/institucional\/"},{"@type":"ListItem","position":3,"name":"Contacto"}]},{"@type":"WebSite","@id":"https:\/\/dges-cba.edu.ar\/wp\/#website","url":"https:\/\/dges-cba.edu.ar\/wp\/","name":"Direcci\u00f3n General de Educaci\u00f3n Superior","description":"","publisher":{"@id":"https:\/\/dges-cba.edu.ar\/wp\/#organization"},"potentialAction":[{"@type":"SearchAction","target":{"@type":"EntryPoint","urlTemplate":"https:\/\/dges-cba.edu.ar\/wp\/?s={search_term_string}"},"query-input":{"@type":"PropertyValueSpecification","valueRequired":true,"valueName":"search_term_string"}}],"inLanguage":"es-AR"},{"@type":"Organization","@id":"https:\/\/dges-cba.edu.ar\/wp\/#organization","name":"Direcci\u00f3n General de Educaci\u00f3n Superior","url":"https:\/\/dges-cba.edu.ar\/wp\/","logo":{"@type":"ImageObject","inLanguage":"es-AR","@id":"https:\/\/dges-cba.edu.ar\/wp\/#\/schema\/logo\/image\/","url":"https:\/\/dges-cba.edu.ar\/wp\/wp-content\/uploads\/2026\/02\/LogoNegativo_DGES_2026.png","contentUrl":"https:\/\/dges-cba.edu.ar\/wp\/wp-content\/uploads\/2026\/02\/LogoNegativo_DGES_2026.png","width":300,"height":53,"caption":"Direcci\u00f3n General de Educaci\u00f3n Superior"},"image":{"@id":"https:\/\/dges-cba.edu.ar\/wp\/#\/schema\/logo\/image\/"},"sameAs":["https:\/\/www.facebook.com\/EducacionSuperiorCba"]}]}},"uagb_featured_image_src":{"full":false,"thumbnail":false,"medium":false,"medium_large":false,"large":false,"1536x1536":false,"2048x2048":false},"uagb_author_info":{"display_name":"Admin","author_link":"https:\/\/dges-cba.edu.ar\/wp\/author\/admin\/"},"uagb_comment_info":0,"uagb_excerpt":"Cont\u00e1ctate con nosotros virtualdges@gmail.com 0351-5243000 int 36 Av. Col\u00f3n 93 5\u00b0 Piso. C\u00f3rdoba, Argentina O pod\u00e9s enviarnos un mensaje Tu [&hellip;]","_links":{"self":[{"href":"https:\/\/dges-cba.edu.ar\/wp\/wp-json\/wp\/v2\/pages\/87","targetHints":{"allow":["GET"]}}],"collection":[{"href":"https:\/\/dges-cba.edu.ar\/wp\/wp-json\/wp\/v2\/pages"}],"about":[{"href":"https:\/\/dges-cba.edu.ar\/wp\/wp-json\/wp\/v2\/types\/page"}],"author":[{"embeddable":true,"href":"https:\/\/dges-cba.edu.ar\/wp\/wp-json\/wp\/v2\/users\/2"}],"replies":[{"embeddable":true,"href":"https:\/\/dges-cba.edu.ar\/wp\/wp-json\/wp\/v2\/comments?post=87"}],"version-history":[{"count":0,"href":"https:\/\/dges-cba.edu.ar\/wp\/wp-json\/wp\/v2\/pages\/87\/revisions"}],"up":[{"embeddable":true,"href":"https:\/\/dges-cba.edu.ar\/wp\/wp-json\/wp\/v2\/pages\/152"}],"wp:attachment":[{"href":"https:\/\/dges-cba.edu.ar\/wp\/wp-json\/wp\/v2\/media?parent=87"}],"curies":[{"name":"wp","href":"https:\/\/api.w.org\/{rel}","templated":true}]}}